{"id":21,"date":"2026-03-04T07:56:35","date_gmt":"2026-03-04T07:56:35","guid":{"rendered":"https:\/\/medi-first-pharma.de\/?page_id=21"},"modified":"2026-03-16T12:06:23","modified_gmt":"2026-03-16T12:06:23","slug":"uber-uns","status":"publish","type":"page","link":"https:\/\/medi-first-pharma.de\/en\/uber-uns\/","title":{"rendered":"About us"},"content":{"rendered":"<div id=\"fws_69d4bf35ea7ba\"  data-column-margin=\"default\" data-midnight=\"light\" data-top-percent=\"13%\" data-bottom-percent=\"7%\"  class=\"wpb_row vc_row-fluid vc_row full-width-section\"  style=\"padding-top: calc(100vw * 0.13); padding-bottom: calc(100vw * 0.07); \"><div class=\"row-bg-wrap\" data-bg-animation=\"zoom-out-slow\" data-bg-animation-delay=\"\" data-bg-overlay=\"true\"><div class=\"inner-wrap row-bg-layer using-image\" ><div class=\"row-bg viewport-desktop using-image\"  style=\"background-image: url(https:\/\/medi-first-pharma.de\/wp-content\/uploads\/2026\/03\/AdobeStock_135301177.jpg); background-position: center center; background-repeat: no-repeat; \"><\/div><\/div><div class=\"row-bg-overlay row-bg-layer\" style=\"background-color:#FFFFFF;  opacity: 0.8; \"><\/div><\/div><div class=\"row_col_wrap_12 col span_12 light left\">\n\t<div style=\" color: #000000;\" class=\"vc_col-sm-12 wpb_column column_container vc_column_container col centered-text has-animation\" data-cfc=\"true\"  data-padding-pos=\"all\" data-has-bg-color=\"false\" data-bg-color=\"\" data-bg-opacity=\"1\" data-animation=\"fade-in-from-left\" data-delay=\"0\" >\n\t\t<div class=\"vc_column-inner\" >\n\t\t\t<div class=\"wpb_wrapper\">\n\t\t\t\t\n<div class=\"wpb_text_column wpb_content_element\" style=\" max-width: 1300px; display: inline-block;\">\n\t<h1>About us<\/h1>\n<\/div>\n\n\n\n\n\t\t\t<\/div> \n\t\t<\/div>\n\t<\/div> \n<\/div><\/div>\n\t\t<div id=\"fws_69d4bf35ead1a\"  data-column-margin=\"default\" data-midnight=\"dark\" data-top-percent=\"6%\" data-bottom-percent=\"6%\"  class=\"wpb_row vc_row-fluid vc_row full-width-section vc_row-o-equal-height vc_row-flex vc_row-o-content-middle  reverse_columns_column_tablet reverse_columns_column_phone top_padding_tablet_50px top_padding_phone_40px bottom_padding_tablet_50px bottom_padding_phone_40px\"  style=\"padding-top: calc(100vw * 0.06); padding-bottom: calc(100vw * 0.06); \"><div class=\"row-bg-wrap\" data-bg-animation=\"none\" data-bg-animation-delay=\"\" data-bg-overlay=\"false\"><div class=\"inner-wrap row-bg-layer\" ><div class=\"row-bg viewport-desktop\"  style=\"\"><\/div><\/div><\/div><div class=\"row_col_wrap_12 col span_12 dark left\">\n\t<div  class=\"vc_col-sm-6 wpb_column column_container vc_column_container col has-animation no-extra-padding inherit_tablet inherit_phone col-overflow-hidden\"  data-border-radius=\"10px\" data-video-bg=\"true\" data-padding-pos=\"all\" data-has-bg-color=\"false\" data-bg-color=\"\" data-bg-opacity=\"1\" data-animation=\"grow-in\" data-delay=\"0\" >\n\t\t<div class=\"vc_column-inner\" >\n  <div class=\"nectar-video-wrap column-video column-bg-layer\">\n      <video class=\"nectar-video-bg\" width=\"1800\" height=\"700\" preload=\"auto\" loop autoplay muted playsinline><source src=\"https:\/\/medi-first-pharma.de\/wp-content\/uploads\/2026\/03\/AdobeStock_427258914-1.mov\"  type=\"video\/mp4\"><\/video><\/div>\n\t\t\t<div class=\"wpb_wrapper\">\n\t\t\t\t<div class=\"divider-wrap height_tablet_300px height_phone_350px\" data-alignment=\"default\"><div style=\"height: 450px;\" class=\"divider\"><\/div><\/div>\n\t\t\t<\/div> \n\t\t<\/div>\n\t<\/div> \n\n\t<div style=\" color: #000000;\" class=\"vc_col-sm-6 wpb_column column_container vc_column_container col has-animation padding-2-percent no-extra-padding_tablet no-extra-padding_phone\" data-cfc=\"true\"  data-padding-pos=\"left\" data-has-bg-color=\"false\" data-bg-color=\"\" data-bg-opacity=\"1\" data-animation=\"fade-in-from-left\" data-delay=\"0\" >\n\t\t<div class=\"vc_column-inner\" >\n\t\t\t<div class=\"wpb_wrapper\">\n\t\t\t\t\n<div class=\"wpb_text_column wpb_content_element\" >\n\t<h2>Operational precision for the <span style=\"color: #848484;\">The future of pharmaceutical care.<\/span><\/h2>\n<\/div>\n\n\n\n\n<div class=\"wpb_text_column wpb_content_element\" >\n\t<p>MediFirst Pharma makes scientific innovation supply-ready. As part of the fully integrated system of the MediFirst Group, we close the gap between global research and local patient care.<\/p>\n<p>We understand pharmaceutical responsibility as a holistic system. MediFirst Pharma orchestrates the entire process from initial specification through quality assurance to specialized distribution. In a market environment that demands reliable structures, we offer an integrated solution that not only promises safety, but secures it through defined processes and GxP-compliant governance.<\/p>\n<\/div>\n\n\n\n\n\t\t\t<\/div> \n\t\t<\/div>\n\t<\/div> \n<\/div><\/div>\n\t\t<div id=\"fws_69d4bf35eb406\"  data-column-margin=\"default\" data-midnight=\"light\" data-top-percent=\"6%\" data-bottom-percent=\"6%\"  class=\"wpb_row vc_row-fluid vc_row full-width-section banner top_padding_tablet_50px top_padding_phone_40px bottom_padding_tablet_50px bottom_padding_phone_40px\"  style=\"padding-top: calc(100vw * 0.06); padding-bottom: calc(100vw * 0.06); \"><div class=\"row-bg-wrap\" data-bg-animation=\"none\" data-bg-animation-delay=\"\" data-bg-overlay=\"true\"><div class=\"inner-wrap row-bg-layer using-image\" ><div class=\"row-bg viewport-desktop using-image\"  style=\"background-image: url(); background-position: center center; background-repeat: no-repeat; \"><\/div><\/div><div class=\"row-bg-overlay row-bg-layer\" style=\"background: #1D7CA6; background: linear-gradient(90deg,#1D7CA6 0%,#263070 100%);  opacity: 0.95; \"><\/div><\/div><div class=\"row_col_wrap_12 col span_12 light left\">\n\t<div  class=\"vc_col-sm-12 wpb_column column_container vc_column_container col centered-text has-animation\"  data-padding-pos=\"all\" data-has-bg-color=\"false\" data-bg-color=\"\" data-bg-opacity=\"1\" data-animation=\"fade-in-from-left\" data-delay=\"0\" >\n\t\t<div class=\"vc_column-inner\" >\n\t\t\t<div class=\"wpb_wrapper\">\n\t\t\t\t<div id=\"fws_69d4bf35eb69c\" data-midnight=\"\" data-column-margin=\"default\" class=\"wpb_row vc_row-fluid vc_row inner_row\"  style=\"\"><div class=\"row-bg-wrap\"> <div class=\"row-bg\" ><\/div> <\/div><div class=\"row_col_wrap_12_inner col span_12  left\">\n\t<div style=\" color: #000000;\" class=\"vc_col-sm-12 wpb_column column_container vc_column_container col child_column centered-text padding-4-percent padding-4-percent_tablet padding-2-percent_phone\" data-cfc=\"true\" data-using-bg=\"true\" data-border-radius=\"10px\" data-padding-pos=\"all\" data-has-bg-color=\"true\" data-bg-color=\"#FFFFFF\" data-bg-opacity=\"1\" data-animation=\"\" data-delay=\"0\" >\n\t\t<div class=\"vc_column-inner\" ><div class=\"column-bg-overlay-wrap column-bg-layer\" data-bg-animation=\"none\"><div class=\"column-bg-overlay\" style=\"opacity: 1; background-color: #FFFFFF;\"><\/div><\/div>\n\t\t<div class=\"wpb_wrapper\">\n\t\t\t\n<div class=\"wpb_text_column wpb_content_element\" >\n\t<h2>Translation as a core competence.<\/h2>\n<\/div>\n\n\n\n\n<div class=\"wpb_text_column wpb_content_element\" >\n\t<p>Our strategic focus lies in translating scientific findings into measurable care practice. We are particularly dedicated to specialized, science-intensive therapy approaches that are still professionally underrepresented in care practice - such as cannabinoid therapies. Our goal is to systematically professionalize this field and standardize it in an evidence-based way. <strong>Cannabinoid therapies<\/strong>Our goal is to develop this area. <strong>to systematically professionalize and standardize based on evidence<\/strong><strong>.<\/strong><\/p>\n<p>In doing so, we draw on the deep biotech competencies within the MediFirst Group. Through close integration with our Swiss research axis (Innuana\/Grow Art), we ensure that patient-oriented care is mapped processually reproducibly and at the highest technological level.<\/p>\n<\/div>\n\n\n\n\n\t\t<\/div> \n\t<\/div>\n\t<\/div> \n<\/div><\/div>\n\t\t\t<\/div> \n\t\t<\/div>\n\t<\/div> \n<\/div><\/div>\n\t\t<div id=\"fws_69d4bf35eb997\"  data-column-margin=\"default\" data-midnight=\"dark\" data-top-percent=\"6%\"  class=\"wpb_row vc_row-fluid vc_row full-width-section  top_padding_tablet_50px top_padding_phone_40px\"  style=\"padding-top: calc(100vw * 0.06); padding-bottom: 0px; \"><div class=\"row-bg-wrap\" data-bg-animation=\"none\" data-bg-animation-delay=\"\" data-bg-overlay=\"false\"><div class=\"inner-wrap row-bg-layer\" ><div class=\"row-bg viewport-desktop\"  style=\"\"><\/div><\/div><\/div><div class=\"row_col_wrap_12 col span_12 dark left\">\n\t<div  class=\"vc_col-sm-12 wpb_column column_container vc_column_container col no-extra-padding inherit_tablet inherit_phone flex_gap_desktop_10px\"  data-padding-pos=\"all\" data-has-bg-color=\"false\" data-bg-color=\"\" data-bg-opacity=\"1\" data-animation=\"\" data-delay=\"0\" >\n\t\t<div class=\"vc_column-inner\" >\n\t\t\t<div class=\"wpb_wrapper\">\n\t\t\t\t<div id=\"fws_69d4bf35ebb8f\" data-midnight=\"\" data-column-margin=\"default\" class=\"wpb_row vc_row-fluid vc_row inner_row vc_row-o-equal-height vc_row-flex vc_row-o-content-middle\"  style=\"\"><div class=\"row-bg-wrap\"> <div class=\"row-bg\" ><\/div> <\/div><div class=\"row_col_wrap_12_inner col span_12  left\">\n\t<div style=\" color: #000000;\" class=\"vc_col-sm-6 wpb_column column_container vc_column_container col child_column padding-3-percent no-extra-padding_tablet no-extra-padding_phone\" data-cfc=\"true\"  data-padding-pos=\"right\" data-has-bg-color=\"false\" data-bg-color=\"\" data-bg-opacity=\"1\" data-animation=\"\" data-delay=\"0\" >\n\t\t<div class=\"vc_column-inner\" >\n\t\t<div class=\"wpb_wrapper\">\n\t\t\t\n<div class=\"wpb_text_column wpb_content_element\" >\n\t<h2>Substance instead <span style=\"color: #848484;\">Staging<\/span>.<\/h2>\n<\/div>\n\n\n\n\n<div class=\"wpb_text_column wpb_content_element\" >\n\t<p>We believe in a closed system of responsibility. Our goal is for patients to have access to the best possible care - with therapy options that are evidence-based and work sustainably in everyday care. That is why the core of our identity is reverse engineering: a logic that consistently starts with patient need and translates evidence into process quality.<\/p>\n<\/div>\n\n\n\n<a class=\"nectar-button large regular m-extra-color-gradient-1\"  role=\"button\" style=\"margin-right: 15px; \"  href=\"\/en\/1-1-1-das-medifirst-prinzip\/\" data-color-override=\"false\" data-hover-color-override=\"false\" data-hover-text-color-override=\"#fff\"><span>Learn more about the MediFirst Principle<\/span><\/a>\n\t\t<\/div> \n\t<\/div>\n\t<\/div> \n\n\t<div style=\"\" class=\"vc_col-sm-6 wpb_column column_container vc_column_container col child_column no-extra-padding inherit_tablet inherit_phone\"  data-using-bg=\"true\" data-border-radius=\"10px\" data-bg-cover=\"true\" data-padding-pos=\"all\" data-has-bg-color=\"false\" data-bg-color=\"\" data-bg-opacity=\"1\" data-animation=\"\" data-delay=\"0\" >\n\t\t<div class=\"vc_column-inner\" ><div class=\"column-image-bg-wrap column-bg-layer viewport-desktop\" data-bg-pos=\"center center\" data-bg-animation=\"none\" data-bg-overlay=\"false\"><div class=\"inner-wrap\"><div class=\"column-image-bg\" style=\" background-image: url('https:\/\/medi-first-pharma.de\/wp-content\/uploads\/2026\/03\/AdobeStock_597050569.jpg'); \"><\/div><\/div><\/div>\n\t\t<div class=\"wpb_wrapper\">\n\t\t\t<div class=\"divider-wrap height_tablet_300px height_phone_350px\" data-alignment=\"default\"><div style=\"height: 450px;\" class=\"divider\"><\/div><\/div>\n\t\t<\/div> \n\t<\/div>\n\t<\/div> \n<\/div><\/div>\n\t\t\t<\/div> \n\t\t<\/div>\n\t<\/div> \n<\/div><\/div>\n\t\t<div id=\"fws_69d4bf35ec2d0\"  data-column-margin=\"default\" data-midnight=\"dark\" data-top-percent=\"6%\" data-bottom-percent=\"6%\"  class=\"wpb_row vc_row-fluid vc_row full-width-section  top_padding_tablet_50px top_padding_phone_40px bottom_padding_tablet_50px bottom_padding_phone_40px\"  style=\"padding-top: calc(100vw * 0.06); padding-bottom: calc(100vw * 0.06); \"><div class=\"row-bg-wrap\" data-bg-animation=\"none\" data-bg-animation-delay=\"\" data-bg-overlay=\"false\"><div class=\"inner-wrap row-bg-layer\" ><div class=\"row-bg viewport-desktop\"  style=\"\"><\/div><\/div><\/div><div class=\"row_col_wrap_12 col span_12 dark left\">\n\t<div  class=\"vc_col-sm-12 wpb_column column_container vc_column_container col no-extra-padding inherit_tablet inherit_phone flex_gap_desktop_10px\"  data-padding-pos=\"all\" data-has-bg-color=\"false\" data-bg-color=\"\" data-bg-opacity=\"1\" data-animation=\"\" data-delay=\"0\" >\n\t\t<div class=\"vc_column-inner\" >\n\t\t\t<div class=\"wpb_wrapper\">\n\t\t\t\t<div id=\"fws_69d4bf35ec410\" data-midnight=\"\" data-column-margin=\"default\" class=\"wpb_row vc_row-fluid vc_row inner_row vc_row-o-equal-height vc_row-flex vc_row-o-content-middle\"  style=\"\"><div class=\"row-bg-wrap\"> <div class=\"row-bg\" ><\/div> <\/div><div class=\"row_col_wrap_12_inner col span_12  left\">\n\t<div style=\"\" class=\"vc_col-sm-6 wpb_column column_container vc_column_container col child_column no-extra-padding inherit_tablet inherit_phone\"  data-using-bg=\"true\" data-border-radius=\"10px\" data-bg-cover=\"true\" data-padding-pos=\"top-bottom\" data-has-bg-color=\"false\" data-bg-color=\"\" data-bg-opacity=\"1\" data-animation=\"\" data-delay=\"0\" >\n\t\t<div class=\"vc_column-inner\" ><div class=\"column-image-bg-wrap column-bg-layer viewport-desktop\" data-bg-pos=\"center center\" data-bg-animation=\"none\" data-bg-overlay=\"false\"><div class=\"inner-wrap\"><div class=\"column-image-bg\" style=\" background-image: url('https:\/\/medi-first-pharma.de\/wp-content\/uploads\/2026\/03\/AdobeStock_621618334.jpg'); \"><\/div><\/div><\/div>\n\t\t<div class=\"wpb_wrapper\">\n\t\t\t<div class=\"divider-wrap height_tablet_300px height_phone_350px\" data-alignment=\"default\"><div style=\"height: 450px;\" class=\"divider\"><\/div><\/div>\n\t\t<\/div> \n\t<\/div>\n\t<\/div> \n\n\t<div style=\" color: #000000;\" class=\"vc_col-sm-6 wpb_column column_container vc_column_container col child_column padding-2-percent no-extra-padding_tablet no-extra-padding_phone\" data-cfc=\"true\"  data-padding-pos=\"left\" data-has-bg-color=\"false\" data-bg-color=\"\" data-bg-opacity=\"1\" data-animation=\"\" data-delay=\"0\" >\n\t\t<div class=\"vc_column-inner\" >\n\t\t<div class=\"wpb_wrapper\">\n\t\t\t\n<div class=\"wpb_text_column wpb_content_element\" >\n\t<h2>Vertically integrated <span style=\"color: #848484;\">for reliable system quality.<\/span><\/h2>\n<\/div>\n\n\n\n\n<div class=\"wpb_text_column wpb_content_element\" >\n\t<p>MediFirst Pharma acts as the operational anchor of a vertically integrated, globally networked ecosystem. By directly linking the research axis, IP, and realization, we eliminate friction losses at interfaces. This makes processes predictable, responsibilities clear, and quality across the entire value chain fully traceable.<\/p>\n<\/div>\n\n\n\n<a class=\"nectar-button large regular m-extra-color-gradient-2\"  role=\"button\" style=\"margin-right: 15px; \"  href=\"\/en\/die-medifirst-group\/\" data-color-override=\"false\" data-hover-color-override=\"false\" data-hover-text-color-override=\"#fff\"><span>Discover the MediFirst Group<\/span><\/a>\n\t\t<\/div> \n\t<\/div>\n\t<\/div> \n<\/div><\/div>\n\t\t\t<\/div> \n\t\t<\/div>\n\t<\/div> \n<\/div><\/div>\n\t\t<div id=\"fws_69d4bf35ecaa6\"  data-column-margin=\"default\" data-midnight=\"dark\"  class=\"wpb_row vc_row-fluid vc_row full-width-section\"  style=\"padding-top: 0px; padding-bottom: 0px; \"><div class=\"row-bg-wrap\" data-bg-animation=\"none\" data-bg-animation-delay=\"\" data-bg-overlay=\"false\"><div class=\"inner-wrap row-bg-layer\" ><div class=\"row-bg viewport-desktop\"  style=\"\"><\/div><\/div><div class=\"row-bg-overlay row-bg-layer\" style=\"\"><\/div><\/div><div class=\"row_col_wrap_12 col span_12 dark left\">\n\t<div style=\" color: #FFFFFF;\" class=\"vc_col-sm-12 wpb_column column_container vc_column_container col centered-text left_padding_desktop_3pct left_padding_tablet_2pct left_padding_phone_2pct top_padding_desktop_5pct top_padding_tablet_50px top_padding_phone_40px right_padding_desktop_3pct right_padding_tablet_2pct right_padding_phone_2pct bottom_padding_desktop_5pct bottom_padding_tablet_50px bottom_padding_phone_40px\" data-cfc=\"true\"  data-border-radius=\"10px\" data-overlay-color=\"true\" data-padding-pos=\"all\" data-has-bg-color=\"false\" data-bg-color=\"\" data-bg-opacity=\"1\" data-animation=\"\" data-delay=\"0\" >\n\t\t<div class=\"vc_column-inner\" ><div class=\"column-bg-overlay-wrap column-bg-layer\" data-bg-animation=\"none\"><div class=\"column-bg-overlay\"><\/div><div class=\"column-overlay-layer\" style=\"background: #263070; background: linear-gradient(90deg,#263070 0%,#29A6DC 100%);  opacity: 1; \"><\/div><\/div>\n\t\t\t<div class=\"wpb_wrapper\">\n\t\t\t\t\n<div class=\"wpb_text_column wpb_content_element\" >\n\t<h2>Evidence-based decision confidence.<\/h2>\n<\/div>\n\n\n\n\n<div class=\"wpb_text_column wpb_content_element  vc_custom_1772708459671\" style=\" max-width: 1100px; display: inline-block;\">\n\t<p>Care quality needs informed actors. Via the MediFirst NPO, we promote knowledge transfer between research and practice - scientifically sound, practical, and compliantly prepared.<\/p>\n<\/div>\n\n\n\n<a class=\"nectar-button large regular extra-color-3  regular-button\"  role=\"button\" style=\"margin-right: 15px; color: #000000; \" target=\"_blank\" href=\"http:\/\/medi-first-none-profit.de\/fortbildungen-fur-fachpersonal\/\" data-color-override=\"false\" data-hover-color-override=\"false\" data-hover-text-color-override=\"#fff\"><span>To the continuing education offered by MediFirst NPO<\/span><\/a>\n\t\t\t<\/div> \n\t\t<\/div>\n\t<\/div> \n<\/div><\/div>\n\t\t<div id=\"fws_69d4bf35ecd46\"  data-column-margin=\"default\" data-midnight=\"dark\" data-top-percent=\"6%\" data-bottom-percent=\"6%\"  class=\"wpb_row vc_row-fluid vc_row full-width-section vc_row-o-equal-height vc_row-flex vc_row-o-content-middle  reverse_columns_column_tablet reverse_columns_column_phone top_padding_tablet_50px top_padding_phone_40px bottom_padding_tablet_50px bottom_padding_phone_40px\"  style=\"padding-top: calc(100vw * 0.06); padding-bottom: calc(100vw * 0.06); \"><div class=\"row-bg-wrap\" data-bg-animation=\"none\" data-bg-animation-delay=\"\" data-bg-overlay=\"false\"><div class=\"inner-wrap row-bg-layer\" ><div class=\"row-bg viewport-desktop\"  style=\"\"><\/div><\/div><\/div><div class=\"row_col_wrap_12 col span_12 dark left\">\n\t<div style=\" color: #000000;\" class=\"vc_col-sm-6 wpb_column column_container vc_column_container col has-animation padding-2-percent no-extra-padding_tablet no-extra-padding_phone\" data-cfc=\"true\"  data-padding-pos=\"left\" data-has-bg-color=\"false\" data-bg-color=\"\" data-bg-opacity=\"1\" data-animation=\"fade-in-from-left\" data-delay=\"0\" >\n\t\t<div class=\"vc_column-inner\" >\n\t\t\t<div class=\"wpb_wrapper\">\n\t\t\t\t\n<div class=\"wpb_text_column wpb_content_element\" >\n\t<h2>Contact<\/h2>\n<\/div>\n\n\n\n\n<div class=\"wpb_text_column wpb_content_element\" >\n\t<p>Questions about us, HCP access, EU market entry, or Global Trade? We look forward to exchanging.<\/p>\n<\/div>\n\n\n\n<a class=\"nectar-button large regular m-extra-color-gradient-2\"  role=\"button\" style=\"margin-right: 15px; \"  href=\"\/en\/kontakt\/\" data-color-override=\"false\" data-hover-color-override=\"false\" data-hover-text-color-override=\"#fff\"><span>Get in touch now.<\/span><\/a>\n\t\t\t<\/div> \n\t\t<\/div>\n\t<\/div> \n\n\t<div style=\"\" class=\"vc_col-sm-6 wpb_column column_container vc_column_container col has-animation no-extra-padding inherit_tablet inherit_phone\" data-using-bg=\"true\" data-border-radius=\"10px\" data-bg-cover=\"true\" data-padding-pos=\"all\" data-has-bg-color=\"false\" data-bg-color=\"\" data-bg-opacity=\"1\" data-animation=\"grow-in\" data-delay=\"0\" >\n\t\t<div class=\"vc_column-inner\" ><div class=\"column-image-bg-wrap column-bg-layer viewport-desktop\" data-bg-pos=\"center center\" data-bg-animation=\"none\" data-bg-overlay=\"false\"><div class=\"inner-wrap\"><div class=\"column-image-bg\" style=\" background-image: url('https:\/\/medi-first-pharma.de\/wp-content\/uploads\/2026\/03\/AdobeStock_632530366.jpg'); \"><\/div><\/div><\/div>\n\t\t\t<div class=\"wpb_wrapper\">\n\t\t\t\t<div class=\"divider-wrap height_tablet_300px height_phone_350px\" data-alignment=\"default\"><div style=\"height: 450px;\" class=\"divider\"><\/div><\/div>\n\t\t\t<\/div> \n\t\t<\/div>\n\t<\/div> \n<\/div><\/div>","protected":false},"excerpt":{"rendered":"\u00dcber uns Operative Pr\u00e4zision f\u00fcr die Arzneimittelversorgung von morgen. MediFirst Pharma macht wissenschaftliche Innovation versorgungsf\u00e4hig. Als Teil des vollintegrierten Systems der MediFirst Group schlie\u00dfen wir die L\u00fccke zwischen globaler Forschung...","protected":false},"author":1,"featured_media":0,"parent":0,"menu_order":0,"comment_status":"closed","ping_status":"closed","template":"","meta":{"footnotes":""},"class_list":["post-21","page","type-page","status-publish"],"_links":{"self":[{"href":"https:\/\/medi-first-pharma.de\/en\/wp-json\/wp\/v2\/pages\/21","targetHints":{"allow":["GET"]}}],"collection":[{"href":"https:\/\/medi-first-pharma.de\/en\/wp-json\/wp\/v2\/pages"}],"about":[{"href":"https:\/\/medi-first-pharma.de\/en\/wp-json\/wp\/v2\/types\/page"}],"author":[{"embeddable":true,"href":"https:\/\/medi-first-pharma.de\/en\/wp-json\/wp\/v2\/users\/1"}],"replies":[{"embeddable":true,"href":"https:\/\/medi-first-pharma.de\/en\/wp-json\/wp\/v2\/comments?post=21"}],"version-history":[{"count":21,"href":"https:\/\/medi-first-pharma.de\/en\/wp-json\/wp\/v2\/pages\/21\/revisions"}],"predecessor-version":[{"id":833,"href":"https:\/\/medi-first-pharma.de\/en\/wp-json\/wp\/v2\/pages\/21\/revisions\/833"}],"wp:attachment":[{"href":"https:\/\/medi-first-pharma.de\/en\/wp-json\/wp\/v2\/media?parent=21"}],"curies":[{"name":"wp","href":"https:\/\/api.w.org\/{rel}","templated":true}]}}