{"id":167,"date":"2026-03-05T07:26:46","date_gmt":"2026-03-05T07:26:46","guid":{"rendered":"https:\/\/medi-first-pharma.de\/?page_id=167"},"modified":"2026-03-18T10:24:52","modified_gmt":"2026-03-18T10:24:52","slug":"nebenwirkung-melden","status":"publish","type":"page","link":"https:\/\/medi-first-pharma.de\/en\/nebenwirkung-melden\/","title":{"rendered":"Report side effects (pharmacovigilance)"},"content":{"rendered":"\n\t\t<div id=\"fws_69d4bf99e7195\"  data-column-margin=\"default\" data-midnight=\"light\" data-top-percent=\"13%\" data-bottom-percent=\"7%\"  class=\"wpb_row vc_row-fluid vc_row full-width-section\"  style=\"padding-top: calc(100vw * 0.13); padding-bottom: calc(100vw * 0.07); \"><div class=\"row-bg-wrap\" data-bg-animation=\"zoom-out-slow\" data-bg-animation-delay=\"\" data-bg-overlay=\"true\"><div class=\"inner-wrap row-bg-layer using-image\" ><div class=\"row-bg viewport-desktop using-image\"  style=\"background-image: url(https:\/\/medi-first-pharma.de\/wp-content\/uploads\/2026\/03\/factory-workers-white-lab-suits-face-masks-producing-tv-sets-assebly-line-with-some-modern-equipment.jpg); background-position: center center; background-repeat: no-repeat; \"><\/div><\/div><div class=\"row-bg-overlay row-bg-layer\" style=\"background-color:#FFFFFF;  opacity: 0.8; \"><\/div><\/div><div class=\"row_col_wrap_12 col span_12 light left\">\n\t<div style=\" color: #000000;\" class=\"vc_col-sm-12 wpb_column column_container vc_column_container col centered-text has-animation\" data-cfc=\"true\"  data-padding-pos=\"all\" data-has-bg-color=\"false\" data-bg-color=\"\" data-bg-opacity=\"1\" data-animation=\"fade-in-from-left\" data-delay=\"0\" >\n\t\t<div class=\"vc_column-inner\" >\n\t\t\t<div class=\"wpb_wrapper\">\n\t\t\t\t\n<div class=\"wpb_text_column wpb_content_element \" style=\" max-width: 1300px; display: inline-block;\">\n\t<h1>Nebenwirkungen melden (Pharmakovigilanz)<\/h1>\n<\/div>\n\n\n\n\n\t\t\t<\/div> \n\t\t<\/div>\n\t<\/div> \n<\/div><\/div>\n\t\t<div id=\"fws_69d4bf99e762f\"  data-column-margin=\"default\" data-midnight=\"dark\" data-top-percent=\"5%\" data-bottom-percent=\"5%\"  class=\"wpb_row vc_row-fluid vc_row full-width-section  top_padding_tablet_50px top_padding_phone_40px bottom_padding_tablet_50px bottom_padding_phone_40px\"  style=\"padding-top: calc(100vw * 0.05); padding-bottom: calc(100vw * 0.05); \"><div class=\"row-bg-wrap\" data-bg-animation=\"none\" data-bg-animation-delay=\"\" data-bg-overlay=\"false\"><div class=\"inner-wrap row-bg-layer\" ><div class=\"row-bg viewport-desktop\"  style=\"\"><\/div><\/div><\/div><div class=\"row_col_wrap_12 col span_12 dark left\">\n\t<div style=\" color: #000000;\" class=\"vc_col-sm-12 wpb_column column_container vc_column_container col no-extra-padding inherit_tablet inherit_phone \" data-cfc=\"true\"  data-padding-pos=\"all\" data-has-bg-color=\"false\" data-bg-color=\"\" data-bg-opacity=\"1\" data-animation=\"\" data-delay=\"0\" >\n\t\t<div class=\"vc_column-inner\" >\n\t\t\t<div class=\"wpb_wrapper\">\n\t\t\t\t\n<div class=\"wpb_text_column wpb_content_element \" >\n\t<h3>Nebenwirkungen melden (Pharmakovigilanz)<\/h3>\n<p>Wenn Sie eine Nebenwirkung oder ein anderes sicherheitsrelevantes Ereignis im Zusammenhang mit einem Arzneimittel melden m\u00f6chten, kontaktieren Sie uns bitte \u00fcber die folgenden Kan\u00e4le.<\/p>\n<p>Vielen Dank! Ihre Meldung hilft, Arzneimittelsicherheit kontinuierlich zu \u00fcberwachen und Informationen weiter zu verbessern.<\/p>\n<p><strong>Email:<\/strong> pv@medi-first-pharma.de<\/p>\n<p><strong>Telefon:<\/strong> 0049 (0) 351 424 175 33<\/p>\n<p><strong>Postanschrift:<\/strong> MediFirst Pharma GmbH, K\u00f6nigstr. 3, 01097 Dresden, Deutschland<\/p>\n<h3>Bitte geben Sie \u2013 soweit m\u00f6glich \u2013 folgende Informationen an:<\/h3>\n<ul>\n<li>Bezeichnung des Produkts \/ Wirkstoffs: [ ]<\/li>\n<li>Beschreibung der Nebenwirkung \/ des Ereignisses: [ ]<\/li>\n<li>Zeitpunkt \/ Zeitraum: [ ]<\/li>\n<li>Kontaktm\u00f6glichkeit f\u00fcr R\u00fcckfragen: [Name, E-Mail\/Telefon]<\/li>\n<\/ul>\n<h3>Hinweis:<\/h3>\n<p>Bitte teilen Sie keine sensiblen personenbezogenen Daten mit, die f\u00fcr die Meldung nicht erforderlich sind.<\/p>\n<h3>Notfall-Hinweis:<\/h3>\n<p>In medizinischen Notf\u00e4llen wenden Sie sich bitte an den Notruf oder an medizinisches Fachpersonal.<\/p>\n<h3>Beh\u00f6rdenhinweis:<\/h3>\n<p>Nebenwirkungen k\u00f6nnen alternativ auch an die zust\u00e4ndige Beh\u00f6rde gemeldet werden: Bundesinstitut f\u00fcr Arzneimittel und Medizinprodukte https:\/\/www.bfarm.de\/.<\/p>\n<\/div>\n\n\n\n\n\t\t\t<\/div> \n\t\t<\/div>\n\t<\/div> \n<\/div><\/div>\n","protected":false},"excerpt":{"rendered":"Nebenwirkungen melden (Pharmakovigilanz) Nebenwirkungen melden (Pharmakovigilanz) Wenn Sie eine Nebenwirkung oder ein anderes sicherheitsrelevantes Ereignis im Zusammenhang mit einem Arzneimittel melden m\u00f6chten, kontaktieren Sie uns bitte \u00fcber die folgenden Kan\u00e4le....","protected":false},"author":1,"featured_media":0,"parent":0,"menu_order":0,"comment_status":"closed","ping_status":"closed","template":"","meta":{"footnotes":""},"class_list":["post-167","page","type-page","status-publish"],"_links":{"self":[{"href":"https:\/\/medi-first-pharma.de\/en\/wp-json\/wp\/v2\/pages\/167","targetHints":{"allow":["GET"]}}],"collection":[{"href":"https:\/\/medi-first-pharma.de\/en\/wp-json\/wp\/v2\/pages"}],"about":[{"href":"https:\/\/medi-first-pharma.de\/en\/wp-json\/wp\/v2\/types\/page"}],"author":[{"embeddable":true,"href":"https:\/\/medi-first-pharma.de\/en\/wp-json\/wp\/v2\/users\/1"}],"replies":[{"embeddable":true,"href":"https:\/\/medi-first-pharma.de\/en\/wp-json\/wp\/v2\/comments?post=167"}],"version-history":[{"count":12,"href":"https:\/\/medi-first-pharma.de\/en\/wp-json\/wp\/v2\/pages\/167\/revisions"}],"predecessor-version":[{"id":915,"href":"https:\/\/medi-first-pharma.de\/en\/wp-json\/wp\/v2\/pages\/167\/revisions\/915"}],"wp:attachment":[{"href":"https:\/\/medi-first-pharma.de\/en\/wp-json\/wp\/v2\/media?parent=167"}],"curies":[{"name":"wp","href":"https:\/\/api.w.org\/{rel}","templated":true}]}}