{"id":162,"date":"2026-03-05T07:20:46","date_gmt":"2026-03-05T07:20:46","guid":{"rendered":"https:\/\/medi-first-pharma.de\/?page_id=162"},"modified":"2026-03-18T10:23:18","modified_gmt":"2026-03-18T10:23:18","slug":"cookie-einstellungen","status":"publish","type":"page","link":"https:\/\/medi-first-pharma.de\/en\/cookie-einstellungen\/","title":{"rendered":"Cookie Settings"},"content":{"rendered":"<div id=\"fws_69d4bf3f2bebd\"  data-column-margin=\"default\" data-midnight=\"light\" data-top-percent=\"13%\" data-bottom-percent=\"7%\"  class=\"wpb_row vc_row-fluid vc_row full-width-section\"  style=\"padding-top: calc(100vw * 0.13); padding-bottom: calc(100vw * 0.07); \"><div class=\"row-bg-wrap\" data-bg-animation=\"zoom-out-slow\" data-bg-animation-delay=\"\" data-bg-overlay=\"true\"><div class=\"inner-wrap row-bg-layer using-image\" ><div class=\"row-bg viewport-desktop using-image\"  style=\"background-image: url(https:\/\/medi-first-pharma.de\/wp-content\/uploads\/2026\/03\/shopper-chemist-store-asking-pharmacist-medical-expertise-while-cashier-talks-phone-checkout-counter-licensed-druggist-helping-customer-choose-best-medication-pills.jpg); background-position: center center; background-repeat: no-repeat; \"><\/div><\/div><div class=\"row-bg-overlay row-bg-layer\" style=\"background-color:#FFFFFF;  opacity: 0.8; \"><\/div><\/div><div class=\"row_col_wrap_12 col span_12 light left\">\n\t<div style=\" color: #000000;\" class=\"vc_col-sm-12 wpb_column column_container vc_column_container col centered-text has-animation\" data-cfc=\"true\"  data-padding-pos=\"all\" data-has-bg-color=\"false\" data-bg-color=\"\" data-bg-opacity=\"1\" data-animation=\"fade-in-from-left\" data-delay=\"0\" >\n\t\t<div class=\"vc_column-inner\" >\n\t\t\t<div class=\"wpb_wrapper\">\n\t\t\t\t\n<div class=\"wpb_text_column wpb_content_element\" style=\" max-width: 1300px; display: inline-block;\">\n\t<h1>Cookie Settings<\/h1>\n<\/div>\n\n\n\n\n\t\t\t<\/div> \n\t\t<\/div>\n\t<\/div> \n<\/div><\/div>\n\t\t<div id=\"fws_69d4bf3f2c2dc\"  data-column-margin=\"default\" data-midnight=\"dark\" data-top-percent=\"5%\" data-bottom-percent=\"5%\"  class=\"wpb_row vc_row-fluid vc_row full-width-section  top_padding_tablet_50px top_padding_phone_40px bottom_padding_tablet_50px bottom_padding_phone_40px\"  style=\"padding-top: calc(100vw * 0.05); padding-bottom: calc(100vw * 0.05); \"><div class=\"row-bg-wrap\" data-bg-animation=\"none\" data-bg-animation-delay=\"\" data-bg-overlay=\"false\"><div class=\"inner-wrap row-bg-layer\" ><div class=\"row-bg viewport-desktop\"  style=\"\"><\/div><\/div><\/div><div class=\"row_col_wrap_12 col span_12 dark left\">\n\t<div style=\" color: #000000;\" class=\"vc_col-sm-12 wpb_column column_container vc_column_container col no-extra-padding inherit_tablet inherit_phone\" data-cfc=\"true\"  data-padding-pos=\"all\" data-has-bg-color=\"false\" data-bg-color=\"\" data-bg-opacity=\"1\" data-animation=\"\" data-delay=\"0\" >\n\t\t<div class=\"vc_column-inner\" >\n\t\t\t<div class=\"wpb_wrapper\">\n\t\t\t\t\n<div class=\"wpb_text_column wpb_content_element\" >\n\t<h3>Cookie Settings<\/h3>\n<p>We use cookies to provide you with an optimal website experience and to continuously improve our services. Here you can determine which cookies you would like to allow.<\/p>\n<h3>1. Necessary Cookies (Always Active)<\/h3>\n<p>These cookies are technically required for the operation of the website. Without them, basic functions such as page navigation or access to secure areas cannot be guaranteed.<\/p>\n<p><strong>Purpose<\/strong> Security, core functionality, and saving your cookie preferences.<\/p>\n<h3>2. Statistics &amp; Analysis<\/h3>\n<p>These cookies help us understand how visitors interact with our website. The information is collected and evaluated anonymously to help us optimize our offer.<\/p>\n<p><strong>Purpose<\/strong> Improving user experience and measuring reach.<\/p>\n<h3>3. Marketing &amp; External Media<\/h3>\n<p>We use these cookies to show you relevant content or to integrate external services (such as maps or videos) directly on our site.<\/p>\n<p><strong>Purpose<\/strong> Personalized content and integration of third-party providers.<\/p>\n<h3>Your Control<\/h3>\n<p>You can withdraw or change your consent at any time with effect for the future. For further details on data processing and the tools used, please refer to our Privacy Policy.<\/p>\n<\/div>\n\n\n\n\n\t\t\t<\/div> \n\t\t<\/div>\n\t<\/div> \n<\/div><\/div>","protected":false},"excerpt":{"rendered":"Cookie-Einstellungen Cookie-Einstellungen Wir verwenden Cookies, um unsere Website f\u00fcr Sie optimal zu gestalten und fortlaufend zu verbessern. Hier k\u00f6nnen Sie festlegen, welche Cookies Sie zulassen m\u00f6chten. 1. Notwendige Cookies (Immer...","protected":false},"author":1,"featured_media":0,"parent":0,"menu_order":0,"comment_status":"closed","ping_status":"closed","template":"","meta":{"footnotes":""},"class_list":["post-162","page","type-page","status-publish"],"_links":{"self":[{"href":"https:\/\/medi-first-pharma.de\/en\/wp-json\/wp\/v2\/pages\/162","targetHints":{"allow":["GET"]}}],"collection":[{"href":"https:\/\/medi-first-pharma.de\/en\/wp-json\/wp\/v2\/pages"}],"about":[{"href":"https:\/\/medi-first-pharma.de\/en\/wp-json\/wp\/v2\/types\/page"}],"author":[{"embeddable":true,"href":"https:\/\/medi-first-pharma.de\/en\/wp-json\/wp\/v2\/users\/1"}],"replies":[{"embeddable":true,"href":"https:\/\/medi-first-pharma.de\/en\/wp-json\/wp\/v2\/comments?post=162"}],"version-history":[{"count":10,"href":"https:\/\/medi-first-pharma.de\/en\/wp-json\/wp\/v2\/pages\/162\/revisions"}],"predecessor-version":[{"id":913,"href":"https:\/\/medi-first-pharma.de\/en\/wp-json\/wp\/v2\/pages\/162\/revisions\/913"}],"wp:attachment":[{"href":"https:\/\/medi-first-pharma.de\/en\/wp-json\/wp\/v2\/media?parent=162"}],"curies":[{"name":"wp","href":"https:\/\/api.w.org\/{rel}","templated":true}]}}