{"id":152,"date":"2026-03-05T07:01:45","date_gmt":"2026-03-05T07:01:45","guid":{"rendered":"https:\/\/medi-first-pharma.de\/?page_id=152"},"modified":"2026-03-18T10:20:56","modified_gmt":"2026-03-18T10:20:56","slug":"impressum","status":"publish","type":"page","link":"https:\/\/medi-first-pharma.de\/en\/impressum\/","title":{"rendered":"Imprint"},"content":{"rendered":"<div id=\"fws_69d4c1b30bd54\"  data-column-margin=\"default\" data-midnight=\"light\" data-top-percent=\"13%\" data-bottom-percent=\"7%\"  class=\"wpb_row vc_row-fluid vc_row full-width-section\"  style=\"padding-top: calc(100vw * 0.13); padding-bottom: calc(100vw * 0.07); \"><div class=\"row-bg-wrap\" data-bg-animation=\"zoom-out-slow\" data-bg-animation-delay=\"\" data-bg-overlay=\"true\"><div class=\"inner-wrap row-bg-layer using-image\" ><div class=\"row-bg viewport-desktop using-image\"  style=\"background-image: url(https:\/\/medi-first-pharma.de\/wp-content\/uploads\/2026\/03\/young-woman-scientist-measuring-liquid-laboratory.jpg); background-position: center top; background-repeat: no-repeat; \"><\/div><\/div><div class=\"row-bg-overlay row-bg-layer\" style=\"background-color:#FFFFFF;  opacity: 0.8; \"><\/div><\/div><div class=\"row_col_wrap_12 col span_12 light left\">\n\t<div style=\" color: #000000;\" class=\"vc_col-sm-12 wpb_column column_container vc_column_container col centered-text has-animation\" data-cfc=\"true\"  data-padding-pos=\"all\" data-has-bg-color=\"false\" data-bg-color=\"\" data-bg-opacity=\"1\" data-animation=\"fade-in-from-left\" data-delay=\"0\" >\n\t\t<div class=\"vc_column-inner\" >\n\t\t\t<div class=\"wpb_wrapper\">\n\t\t\t\t\n<div class=\"wpb_text_column wpb_content_element\" style=\" max-width: 1300px; display: inline-block;\">\n\t<h1>Imprint<\/h1>\n<\/div>\n\n\n\n\n\t\t\t<\/div> \n\t\t<\/div>\n\t<\/div> \n<\/div><\/div>\n\t\t<div id=\"fws_69d4c1b30c1dc\"  data-column-margin=\"default\" data-midnight=\"dark\" data-top-percent=\"5%\" data-bottom-percent=\"5%\"  class=\"wpb_row vc_row-fluid vc_row full-width-section  top_padding_tablet_50px top_padding_phone_40px bottom_padding_tablet_50px bottom_padding_phone_40px\"  style=\"padding-top: calc(100vw * 0.05); padding-bottom: calc(100vw * 0.05); \"><div class=\"row-bg-wrap\" data-bg-animation=\"none\" data-bg-animation-delay=\"\" data-bg-overlay=\"false\"><div class=\"inner-wrap row-bg-layer\" ><div class=\"row-bg viewport-desktop\"  style=\"\"><\/div><\/div><\/div><div class=\"row_col_wrap_12 col span_12 dark left\">\n\t<div style=\" color: #000000;\" class=\"vc_col-sm-12 wpb_column column_container vc_column_container col no-extra-padding inherit_tablet inherit_phone\" data-cfc=\"true\"  data-padding-pos=\"all\" data-has-bg-color=\"false\" data-bg-color=\"\" data-bg-opacity=\"1\" data-animation=\"\" data-delay=\"0\" >\n\t\t<div class=\"vc_column-inner\" >\n\t\t\t<div class=\"wpb_wrapper\">\n\t\t\t\t\n<div class=\"wpb_text_column wpb_content_element\" >\n\t<h3>Imprint<\/h3>\n<h4>Information pursuant to Section 5 of the German Telemedia Act (TMG)<\/h4>\n<h3>MediFirst Pharma GmbH<\/h3>\n<p>K\u00f6nigstr. 3<br \/>\n01097 Dresden<br \/>\nGermany<\/p>\n<h3>Represented by:<\/h3>\n<p>Robert R\u00f6ssel, Gesch\u00e4ftsf\u00fchrung<br \/>\nContact:<br \/>\nTelefon: 0049 351 424 175 33<br \/>\nE-Mail: kontakt@medi-first-pharma.de<\/p>\n<h3>Register entry:<\/h3>\n<p>Entry in the Commercial Register.<br \/>\nRegister court: District Court Dresden<br \/>\nRegisternummer: HRB 47726<\/p>\n<h3>VAT ID:<\/h3>\n<p>Umsatzsteuer-Identifikationsnummer gem\u00e4\u00df \u00a7 27a UStG: DE460414056<br \/>\n(if available; otherwise remove)<br \/>\nResponsible for content pursuant to Section 18 (2) MStV:<br \/>\nRobert R\u00f6ssel, Gesch\u00e4ftsf\u00fchrung, MediFirst Pharma GmbH, K\u00f6nigstra\u00dfe 3, 01097 Dresden<br \/>\nAufsichtsbeh\u00f6rde:<\/p>\n<h3>Bundesinstitut f\u00fcr Arzneimittel und Medizinprodukte<\/h3>\n<h3><a href=\"http:\/\/www.bfarm.de\/\" target=\"_blank\" rel=\"noopener\">www.bfarm.de<\/a><\/h3>\n<p>&nbsp;<\/p>\n<h3>Dispute resolution:<\/h3>\n<p>We are neither obliged nor willing to participate in dispute resolution proceedings before a consumer arbitration board.<\/p>\n<h3>Liability for content:<\/h3>\n<p>As a service provider, we are responsible for our own content on these pages under the general laws pursuant to Section 7 (1) TMG. Under Sections 8 to 10 TMG, however, we are not obliged to monitor transmitted or stored third-party information or to investigate circumstances that indicate illegal activity. Obligations to remove or block the use of information under the general laws remain unaffected.<\/p>\n<h3>Liability for links:<\/h3>\n<p>Our offer contains links to external third-party websites. We have no influence on their content; therefore we cannot assume any liability for this third-party content. The respective provider or operator of the linked pages is always responsible for the content.<\/p>\n<\/div>\n\n\n\n\n\t\t\t<\/div> \n\t\t<\/div>\n\t<\/div> \n<\/div><\/div>","protected":false},"excerpt":{"rendered":"Impressum Impressum Angaben gem\u00e4\u00df \u00a7 5 TMG MediFirst Pharma GmbH K\u00f6nigstr. 3 01097 Dresden Deutschland Vertreten durch: Robert R\u00f6ssel, Gesch\u00e4ftsf\u00fchrung Kontakt: Telefon: 0049 351 424 175 33 E-Mail: kontakt@medi-first-pharma.de Registereintrag:...","protected":false},"author":1,"featured_media":0,"parent":0,"menu_order":0,"comment_status":"closed","ping_status":"closed","template":"","meta":{"footnotes":""},"class_list":["post-152","page","type-page","status-publish"],"_links":{"self":[{"href":"https:\/\/medi-first-pharma.de\/en\/wp-json\/wp\/v2\/pages\/152","targetHints":{"allow":["GET"]}}],"collection":[{"href":"https:\/\/medi-first-pharma.de\/en\/wp-json\/wp\/v2\/pages"}],"about":[{"href":"https:\/\/medi-first-pharma.de\/en\/wp-json\/wp\/v2\/types\/page"}],"author":[{"embeddable":true,"href":"https:\/\/medi-first-pharma.de\/en\/wp-json\/wp\/v2\/users\/1"}],"replies":[{"embeddable":true,"href":"https:\/\/medi-first-pharma.de\/en\/wp-json\/wp\/v2\/comments?post=152"}],"version-history":[{"count":12,"href":"https:\/\/medi-first-pharma.de\/en\/wp-json\/wp\/v2\/pages\/152\/revisions"}],"predecessor-version":[{"id":909,"href":"https:\/\/medi-first-pharma.de\/en\/wp-json\/wp\/v2\/pages\/152\/revisions\/909"}],"wp:attachment":[{"href":"https:\/\/medi-first-pharma.de\/en\/wp-json\/wp\/v2\/media?parent=152"}],"curies":[{"name":"wp","href":"https:\/\/api.w.org\/{rel}","templated":true}]}}